{"id":838,"date":"2024-09-14T14:29:33","date_gmt":"2024-09-14T12:29:33","guid":{"rendered":"https:\/\/www.eisenbahnrecht.com\/?page_id=838"},"modified":"2024-09-19T12:08:09","modified_gmt":"2024-09-19T10:08:09","slug":"hinweisgeber-und-datenschutz","status":"publish","type":"page","link":"https:\/\/www.eisenbahnrecht.com\/en\/hinweisgeber-und-datenschutz\/","title":{"rendered":"Hinweisgeber und Datenschutz"},"content":{"rendered":"<div data-elementor-type=\"wp-page\" data-elementor-id=\"838\" class=\"elementor elementor-838\">\n\t\t\t\t\t\t<section class=\"elementor-section elementor-top-section elementor-element elementor-element-dd5c5dc elementor-section-boxed elementor-section-height-default elementor-section-height-default\" data-id=\"dd5c5dc\" data-element_type=\"section\" data-e-type=\"section\" data-settings=\"{&quot;background_background&quot;:&quot;classic&quot;}\">\n\t\t\t\t\t\t\t<div class=\"elementor-background-overlay\"><\/div>\n\t\t\t\t\t\t\t<div class=\"elementor-container elementor-column-gap-default\">\n\t\t\t\t\t<div class=\"elementor-column elementor-col-100 elementor-top-column elementor-element elementor-element-8b8cd20\" data-id=\"8b8cd20\" data-element_type=\"column\" data-e-type=\"column\">\n\t\t\t<div class=\"elementor-widget-wrap elementor-element-populated\">\n\t\t\t\t\t\t<div class=\"elementor-element elementor-element-0f4b14b elementor-widget elementor-widget-heading\" data-id=\"0f4b14b\" data-element_type=\"widget\" data-e-type=\"widget\" data-widget_type=\"heading.default\">\n\t\t\t\t<div class=\"elementor-widget-container\">\n\t\t\t\t\t<h2 class=\"elementor-heading-title elementor-size-default\">Hinweisgeber\u2013 und Datenschutz<\/h2>\t\t\t\t<\/div>\n\t\t\t\t<\/div>\n\t\t\t\t\t<\/div>\n\t\t<\/div>\n\t\t\t\t\t<\/div>\n\t\t<\/section>\n\t\t\t\t<section class=\"elementor-section elementor-top-section elementor-element elementor-element-2709893 elementor-section-boxed elementor-section-height-default elementor-section-height-default\" data-id=\"2709893\" data-element_type=\"section\" data-e-type=\"section\">\n\t\t\t\t\t\t<div class=\"elementor-container elementor-column-gap-default\">\n\t\t\t\t\t<div class=\"elementor-column elementor-col-100 elementor-top-column elementor-element elementor-element-c76a893\" data-id=\"c76a893\" data-element_type=\"column\" data-e-type=\"column\">\n\t\t\t<div class=\"elementor-widget-wrap elementor-element-populated\">\n\t\t\t\t\t\t<div class=\"elementor-element elementor-element-6b4b419 elementor-widget elementor-widget-text-editor\" data-id=\"6b4b419\" data-element_type=\"widget\" data-e-type=\"widget\" data-widget_type=\"text-editor.default\">\n\t\t\t\t<div class=\"elementor-widget-container\">\n\t\t\t\t\t\t\t\t\t<p>Mit Inkrafttreten der Datenschutz-Grundverordnung (DSGVO) haben sich f\u00fcr Unternehmen einige neue Verpflichtungen im Hinblick auf den Schutz personenbezogener Daten ergeben. Gerade kleinere, aber auch zahlreiche mittelst\u00e4ndische Unternehmen erf\u00fcllen die neuen Anforderungen h\u00e4ufig nur unzureichend. Personenbezug liegt viel \u00f6fter vor, als vielen bewu\u00dft ist. Die DSGVO sieht bei Verst\u00f6\u00dfen deutlich h\u00f6here Bu\u00dfgelder vor, als vor ihrem Inkrafttreten. Vor allem aber gew\u00e4hrt sie den Betroffenen dar\u00fcber hinaus einen Schadenersatzanspruch. Daher ist es wichtig, da\u00df in Unternehmen dem Datenschutz mehr Aufmerksamkeit gewidmet wird und zumindest die wichtigsten Anforderungen der DSGVO erf\u00fcllt werden.<\/p><p>Ich kann Ihr Unternehmen zu allen Aspekten des Datenschutzes und den sich aus der DSGVO ergebenden Anforderungen, sowie zum Vorgehen bei Datenschutzverst\u00f6\u00dfen umfassend beraten.<\/p><p>Neben der DSGVO ergeben sich auch aus dem Hinweisgeber-Schutzgesetz Anforderungen an mittelst\u00e4ndische Unternehmen, insbesondere die Verpflichtung, einen Ansprechpartner f\u00fcr Hinweisgeber zu benennen. Ist ein solcher nicht benannt, k\u00f6nnen sich Hinweisgeber direkt an externe Stellen wenden, wodurch Interna an die \u00d6ffentlichkeit gelangen k\u00f6nnen, was fast immer unerw\u00fcnscht ist. Der Ansprechpartner f\u00fcr Hinweisgeber mu\u00df dabei nicht zwingend ein Mitarbeiter des Unternehmens sein. Auch externe Ansprechpartner k\u00f6nnen damit beauftragt werden. Dabei sollte aber sichergestellt sein, da\u00df der externe Ansprechpartner Vertraulichkeit gew\u00e4hrleistet und in jeder Hinsicht verantwortungsvoll mit eingehenden Hinweisen umgeht.<\/p><p>Auch zum Hinweisgeberschutz und den sich daraus ergebenden Anforderungen in Ihrem Unternehmen kann ich sie gerne umfassend beraten<\/p>\t\t\t\t\t\t\t\t<\/div>\n\t\t\t\t<\/div>\n\t\t\t\t\t<\/div>\n\t\t<\/div>\n\t\t\t\t\t<\/div>\n\t\t<\/section>\n\t\t\t\t<section class=\"elementor-section elementor-top-section elementor-element elementor-element-ad4f2aa elementor-section-full_width elementor-section-height-default elementor-section-height-default\" data-id=\"ad4f2aa\" data-element_type=\"section\" data-e-type=\"section\" data-settings=\"{&quot;background_background&quot;:&quot;classic&quot;}\">\n\t\t\t\t\t\t\t<div class=\"elementor-background-overlay\"><\/div>\n\t\t\t\t\t\t\t<div class=\"elementor-container elementor-column-gap-default\">\n\t\t\t\t\t<div class=\"elementor-column elementor-col-100 elementor-top-column elementor-element elementor-element-c047ebe\" data-id=\"c047ebe\" data-element_type=\"column\" data-e-type=\"column\">\n\t\t\t<div class=\"elementor-widget-wrap elementor-element-populated\">\n\t\t\t\t\t\t<div class=\"elementor-element elementor-element-cb70574 elementor-widget elementor-widget-heading\" data-id=\"cb70574\" data-element_type=\"widget\" data-e-type=\"widget\" data-widget_type=\"heading.default\">\n\t\t\t\t<div class=\"elementor-widget-container\">\n\t\t\t\t\t<h2 class=\"elementor-heading-title elementor-size-default\">Can we help you?<\/h2>\t\t\t\t<\/div>\n\t\t\t\t<\/div>\n\t\t\t\t<div class=\"elementor-element elementor-element-94daa93 elementor-widget elementor-widget-text-editor\" data-id=\"94daa93\" data-element_type=\"widget\" data-e-type=\"widget\" data-widget_type=\"text-editor.default\">\n\t\t\t\t<div class=\"elementor-widget-container\">\n\t\t\t\t\t\t\t\t\t<p>Do you have any questions about our services and areas of law or would you like to talk about your personal case?<\/p>\t\t\t\t\t\t\t\t<\/div>\n\t\t\t\t<\/div>\n\t\t\t\t<div class=\"elementor-element elementor-element-238b94f elementor-align-center elementor-widget elementor-widget-button\" data-id=\"238b94f\" data-element_type=\"widget\" data-e-type=\"widget\" data-widget_type=\"button.default\">\n\t\t\t\t<div class=\"elementor-widget-container\">\n\t\t\t\t\t\t\t\t\t<div class=\"elementor-button-wrapper\">\n\t\t\t\t\t<a class=\"elementor-button elementor-button-link elementor-size-sm\" href=\"https:\/\/www.eisenbahnrecht.com\/en\/kontakt\/\">\n\t\t\t\t\t\t<span class=\"elementor-button-content-wrapper\">\n\t\t\t\t\t\t<span class=\"elementor-button-icon\">\n\t\t\t\t<i aria-hidden=\"true\" class=\"fas fa-arrow-right\"><\/i>\t\t\t<\/span>\n\t\t\t\t\t\t\t\t\t<span class=\"elementor-button-text\">Contact now<\/span>\n\t\t\t\t\t<\/span>\n\t\t\t\t\t<\/a>\n\t\t\t\t<\/div>\n\t\t\t\t\t\t\t\t<\/div>\n\t\t\t\t<\/div>\n\t\t\t\t\t<\/div>\n\t\t<\/div>\n\t\t\t\t\t<\/div>\n\t\t<\/section>\n\t\t\t\t<\/div>","protected":false},"excerpt":{"rendered":"<p>Hinweisgeber\u2013 und Datenschutz Mit Inkrafttreten der Datenschutz-Grundverordnung (DSGVO) haben sich f\u00fcr Unternehmen einige neue Verpflichtungen im Hinblick auf den Schutz personenbezogener Daten ergeben. Gerade kleinere, aber auch zahlreiche mittelst\u00e4ndische Unternehmen erf\u00fcllen die neuen Anforderungen h\u00e4ufig nur unzureichend. Personenbezug liegt viel \u00f6fter vor, als vielen bewu\u00dft ist. Die DSGVO sieht bei Verst\u00f6\u00dfen deutlich h\u00f6here Bu\u00dfgelder vor, [&hellip;]<\/p>\n","protected":false},"author":1,"featured_media":0,"parent":0,"menu_order":0,"comment_status":"closed","ping_status":"closed","template":"","meta":{"site-sidebar-layout":"no-sidebar","site-content-layout":"page-builder","ast-site-content-layout":"full-width-container","site-content-style":"default","site-sidebar-style":"default","ast-global-header-display":"","ast-banner-title-visibility":"","ast-main-header-display":"","ast-hfb-above-header-display":"","ast-hfb-below-header-display":"","ast-hfb-mobile-header-display":"","site-post-title":"disabled","ast-breadcrumbs-content":"","ast-featured-img":"disabled","footer-sml-layout":"","ast-disable-related-posts":"","theme-transparent-header-meta":"","adv-header-id-meta":"","stick-header-meta":"","header-above-stick-meta":"","header-main-stick-meta":"","header-below-stick-meta":"","astra-migrate-meta-layouts":"set","ast-page-background-enabled":"default","ast-page-background-meta":{"desktop":{"background-color":"var(--ast-global-color-4)","background-image":"","background-repeat":"repeat","background-position":"center center","background-size":"auto","background-attachment":"scroll","background-type":"","background-media":"","overlay-type":"","overlay-color":"","overlay-opacity":"","overlay-gradient":""},"tablet":{"background-color":"","background-image":"","background-repeat":"repeat","background-position":"center center","background-size":"auto","background-attachment":"scroll","background-type":"","background-media":"","overlay-type":"","overlay-color":"","overlay-opacity":"","overlay-gradient":""},"mobile":{"background-color":"","background-image":"","background-repeat":"repeat","background-position":"center center","background-size":"auto","background-attachment":"scroll","background-type":"","background-media":"","overlay-type":"","overlay-color":"","overlay-opacity":"","overlay-gradient":""}},"ast-content-background-meta":{"desktop":{"background-color":"var(--ast-global-color-5)","background-image":"","background-repeat":"repeat","background-position":"center center","background-size":"auto","background-attachment":"scroll","background-type":"","background-media":"","overlay-type":"","overlay-color":"","overlay-opacity":"","overlay-gradient":""},"tablet":{"background-color":"var(--ast-global-color-5)","background-image":"","background-repeat":"repeat","background-position":"center center","background-size":"auto","background-attachment":"scroll","background-type":"","background-media":"","overlay-type":"","overlay-color":"","overlay-opacity":"","overlay-gradient":""},"mobile":{"background-color":"var(--ast-global-color-5)","background-image":"","background-repeat":"repeat","background-position":"center center","background-size":"auto","background-attachment":"scroll","background-type":"","background-media":"","overlay-type":"","overlay-color":"","overlay-opacity":"","overlay-gradient":""}},"footnotes":""},"class_list":["post-838","page","type-page","status-publish","hentry"],"_links":{"self":[{"href":"https:\/\/www.eisenbahnrecht.com\/en\/wp-json\/wp\/v2\/pages\/838","targetHints":{"allow":["GET"]}}],"collection":[{"href":"https:\/\/www.eisenbahnrecht.com\/en\/wp-json\/wp\/v2\/pages"}],"about":[{"href":"https:\/\/www.eisenbahnrecht.com\/en\/wp-json\/wp\/v2\/types\/page"}],"author":[{"embeddable":true,"href":"https:\/\/www.eisenbahnrecht.com\/en\/wp-json\/wp\/v2\/users\/1"}],"replies":[{"embeddable":true,"href":"https:\/\/www.eisenbahnrecht.com\/en\/wp-json\/wp\/v2\/comments?post=838"}],"version-history":[{"count":17,"href":"https:\/\/www.eisenbahnrecht.com\/en\/wp-json\/wp\/v2\/pages\/838\/revisions"}],"predecessor-version":[{"id":886,"href":"https:\/\/www.eisenbahnrecht.com\/en\/wp-json\/wp\/v2\/pages\/838\/revisions\/886"}],"wp:attachment":[{"href":"https:\/\/www.eisenbahnrecht.com\/en\/wp-json\/wp\/v2\/media?parent=838"}],"curies":[{"name":"wp","href":"https:\/\/api.w.org\/{rel}","templated":true}]}}