{"id":13,"date":"2022-11-13T20:40:10","date_gmt":"2022-11-13T19:40:10","guid":{"rendered":"https:\/\/www.eisenbahnrecht.com\/?page_id=13"},"modified":"2025-08-27T14:53:51","modified_gmt":"2025-08-27T12:53:51","slug":"publikationen","status":"publish","type":"page","link":"https:\/\/www.eisenbahnrecht.com\/en\/publikationen\/","title":{"rendered":"Publications"},"content":{"rendered":"<div data-elementor-type=\"wp-page\" data-elementor-id=\"13\" class=\"elementor elementor-13\">\n\t\t\t\t\t\t<section class=\"elementor-section elementor-top-section elementor-element elementor-element-dc674e5 elementor-section-boxed elementor-section-height-default elementor-section-height-default\" data-id=\"dc674e5\" data-element_type=\"section\" data-e-type=\"section\" data-settings=\"{&quot;background_background&quot;:&quot;classic&quot;}\">\n\t\t\t\t\t\t\t<div class=\"elementor-background-overlay\"><\/div>\n\t\t\t\t\t\t\t<div class=\"elementor-container elementor-column-gap-default\">\n\t\t\t\t\t<div class=\"elementor-column elementor-col-100 elementor-top-column elementor-element elementor-element-673baf7\" data-id=\"673baf7\" data-element_type=\"column\" data-e-type=\"column\">\n\t\t\t<div class=\"elementor-widget-wrap elementor-element-populated\">\n\t\t\t\t\t\t<div class=\"elementor-element elementor-element-4ef4b5e elementor-widget elementor-widget-heading\" data-id=\"4ef4b5e\" data-element_type=\"widget\" data-e-type=\"widget\" data-widget_type=\"heading.default\">\n\t\t\t\t<div class=\"elementor-widget-container\">\n\t\t\t\t\t<h2 class=\"elementor-heading-title elementor-size-default\">Publications<\/h2>\t\t\t\t<\/div>\n\t\t\t\t<\/div>\n\t\t\t\t\t<\/div>\n\t\t<\/div>\n\t\t\t\t\t<\/div>\n\t\t<\/section>\n\t\t\t\t<section class=\"elementor-section elementor-top-section elementor-element elementor-element-8a5b6b6 elementor-section-boxed elementor-section-height-default elementor-section-height-default\" data-id=\"8a5b6b6\" data-element_type=\"section\" data-e-type=\"section\">\n\t\t\t\t\t\t<div class=\"elementor-container elementor-column-gap-default\">\n\t\t\t\t\t<div class=\"elementor-column elementor-col-100 elementor-top-column elementor-element elementor-element-54ba0a8\" data-id=\"54ba0a8\" data-element_type=\"column\" data-e-type=\"column\">\n\t\t\t<div class=\"elementor-widget-wrap elementor-element-populated\">\n\t\t\t\t\t\t<div class=\"elementor-element elementor-element-daed100 elementor-widget elementor-widget-text-editor\" data-id=\"daed100\" data-element_type=\"widget\" data-e-type=\"widget\" data-widget_type=\"text-editor.default\">\n\t\t\t\t<div class=\"elementor-widget-container\">\n\t\t\t\t\t\t\t\t\t<p>This Page ist only available in German. <br> Folgende Ver\u00f6ffentlichungen von mir zu eisenbahnrechtlichen Themen sind bisher erschienen:<\/p>\t\t\t\t\t\t\t\t<\/div>\n\t\t\t\t<\/div>\n\t\t\t\t\t<\/div>\n\t\t<\/div>\n\t\t\t\t\t<\/div>\n\t\t<\/section>\n\t\t\t\t<section class=\"elementor-section elementor-top-section elementor-element elementor-element-034da6a elementor-section-boxed elementor-section-height-default elementor-section-height-default\" data-id=\"034da6a\" data-element_type=\"section\" data-e-type=\"section\">\n\t\t\t\t\t\t<div class=\"elementor-container elementor-column-gap-default\">\n\t\t\t\t\t<div class=\"elementor-column elementor-col-100 elementor-top-column elementor-element elementor-element-2ba9f88\" data-id=\"2ba9f88\" data-element_type=\"column\" data-e-type=\"column\">\n\t\t\t<div class=\"elementor-widget-wrap elementor-element-populated\">\n\t\t\t\t\t\t<div class=\"elementor-element elementor-element-ded300f elementor-widget elementor-widget-text-editor\" data-id=\"ded300f\" data-element_type=\"widget\" data-e-type=\"widget\" data-widget_type=\"text-editor.default\">\n\t\t\t\t<div class=\"elementor-widget-container\">\n\t\t\t\t\t\t\t\t\t<p>\u2022 2006 Aufsatz \u00fcber das Leasing von Schienenfahrzeugen in der Zeitschrift <a href=\"https:\/\/www.eisenbahnrecht.com\/wp-content\/uploads\/2023\/01\/Fahrzeugleasing.pdf\"><span style=\"text-decoration: underline;\">G\u00fcterbahnen<\/span><\/a><\/p><p>\u2022 2007 Vortrag \u00fcber Technische Netzzugangskriterien auf der Tagung <a href=\"https:\/\/www.eisenbahnrecht.com\/wp-content\/uploads\/2023\/01\/Technische-Netzzugangskriterien.pdf\"><span style=\"text-decoration: underline;\">Moderne Schienenfahrzeuge<\/span><\/a>\u00a0in Graz<\/p><p>\u2022 2007 Vortrag \u00fcber die deutsche Bahnreform auf der Tagung <span style=\"text-decoration: underline;\"><a href=\"https:\/\/www.eisenbahnrecht.com\/wp-content\/uploads\/2023\/01\/Bahnreform.pdf\">Horber Schienen-Tage<\/a><\/span><\/p><p>\u2022 2008 Aufsatz \u00fcber die Rechtsprechung der deutschen Gerichte zu Trassenpreisen in der Zeitschrift <span style=\"text-decoration: underline;\"><a href=\"https:\/\/www.eisenbahnrecht.com\/wp-content\/uploads\/2023\/01\/Trassenpreise.pdf\">Der Eisenbahningenieur<\/a><\/span><\/p><p>\u2022 2011 Aufsatz \u00fcber Probleme bei der Zulassung von Schienenfahrzeugen in der Zeitschrift <a href=\"https:\/\/www.eisenbahnrecht.com\/wp-content\/uploads\/2023\/01\/Fahrzeugzulassung.pdf\"><span style=\"text-decoration: underline;\">Der Nahverkehr<\/span><\/a><\/p><p>\u2022 2013 Aufsatz \u00fcber die Finanzierung von Schienenfahrzeugen f\u00fcr den SPNV in der Zeitschrift <span style=\"text-decoration: underline;\"><a href=\"https:\/\/www.eisenbahnrecht.com\/wp-content\/uploads\/2023\/01\/Fahrzeugfinanzierung.pdf\">Der Nahverkehr<\/a><\/span><\/p><p>\u2022 2014 Vortrag \u00fcber Sinn und Unsinn l\u00e4rmbasierter Trassenpreise auf der Tagung <a href=\"https:\/\/www.eisenbahnrecht.com\/wp-content\/uploads\/2023\/01\/Laermbasierte-Trassenpreise.pdf\"><span style=\"text-decoration: underline;\">Moderne Schienenfahrzeuge<\/span><\/a> in\u00a0Graz<\/p><p>\u2022 2020 Aufsatz \u00fcber Wartungsvertr\u00e4ge f\u00fcr Schienenfahrzeuge f\u00fcr den Tagungsband <span style=\"text-decoration: underline;\"><a href=\"https:\/\/www.eisenbahnrecht.com\/wp-content\/uploads\/2023\/01\/Wartungsvertraege.pdf\">Moderne Schienenfahrzeuge<\/a><\/span><\/p><p>\u2022 2023 Vortrag \u00fcberSinn und Unsinn technischer Innovationen auf der Tagung <a href=\"https:\/\/www.eisenbahnrecht.com\/wp-content\/uploads\/2025\/08\/Sinn-und-Unsinn-technischer-Innovationen.pdf\"><span style=\"text-decoration: underline;\">Moderne Schienenfahrzeug<\/span><\/a> in Graz.<\/p>\t\t\t\t\t\t\t\t<\/div>\n\t\t\t\t<\/div>\n\t\t\t\t\t<\/div>\n\t\t<\/div>\n\t\t\t\t\t<\/div>\n\t\t<\/section>\n\t\t\t\t<section class=\"elementor-section elementor-top-section elementor-element elementor-element-7f71143 elementor-section-boxed elementor-section-height-default elementor-section-height-default\" data-id=\"7f71143\" data-element_type=\"section\" data-e-type=\"section\" data-settings=\"{&quot;background_background&quot;:&quot;classic&quot;}\">\n\t\t\t\t\t\t\t<div class=\"elementor-background-overlay\"><\/div>\n\t\t\t\t\t\t\t<div class=\"elementor-container elementor-column-gap-default\">\n\t\t\t\t\t<div class=\"elementor-column elementor-col-100 elementor-top-column elementor-element elementor-element-b9f43fd\" data-id=\"b9f43fd\" data-element_type=\"column\" data-e-type=\"column\">\n\t\t\t<div class=\"elementor-widget-wrap elementor-element-populated\">\n\t\t\t\t\t\t<div class=\"elementor-element elementor-element-53d63d2 elementor-widget elementor-widget-heading\" data-id=\"53d63d2\" data-element_type=\"widget\" data-e-type=\"widget\" data-widget_type=\"heading.default\">\n\t\t\t\t<div class=\"elementor-widget-container\">\n\t\t\t\t\t<h2 class=\"elementor-heading-title elementor-size-default\">Can we help you?<\/h2>\t\t\t\t<\/div>\n\t\t\t\t<\/div>\n\t\t\t\t<div class=\"elementor-element elementor-element-7cbbab2 elementor-widget elementor-widget-text-editor\" data-id=\"7cbbab2\" data-element_type=\"widget\" data-e-type=\"widget\" data-widget_type=\"text-editor.default\">\n\t\t\t\t<div class=\"elementor-widget-container\">\n\t\t\t\t\t\t\t\t\t<p>Do you have any questions about our services and areas of law or would you like to talk about your personal case?<\/p>\t\t\t\t\t\t\t\t<\/div>\n\t\t\t\t<\/div>\n\t\t\t\t<div class=\"elementor-element elementor-element-3c36f62 elementor-align-center elementor-widget elementor-widget-button\" data-id=\"3c36f62\" data-element_type=\"widget\" data-e-type=\"widget\" data-widget_type=\"button.default\">\n\t\t\t\t<div class=\"elementor-widget-container\">\n\t\t\t\t\t\t\t\t\t<div class=\"elementor-button-wrapper\">\n\t\t\t\t\t<a class=\"elementor-button elementor-button-link elementor-size-sm\" href=\"https:\/\/www.eisenbahnrecht.com\/en\/kontakt\/\">\n\t\t\t\t\t\t<span class=\"elementor-button-content-wrapper\">\n\t\t\t\t\t\t<span class=\"elementor-button-icon\">\n\t\t\t\t<i aria-hidden=\"true\" class=\"fas fa-arrow-right\"><\/i>\t\t\t<\/span>\n\t\t\t\t\t\t\t\t\t<span class=\"elementor-button-text\">Contact now<\/span>\n\t\t\t\t\t<\/span>\n\t\t\t\t\t<\/a>\n\t\t\t\t<\/div>\n\t\t\t\t\t\t\t\t<\/div>\n\t\t\t\t<\/div>\n\t\t\t\t\t<\/div>\n\t\t<\/div>\n\t\t\t\t\t<\/div>\n\t\t<\/section>\n\t\t\t\t<\/div>","protected":false},"excerpt":{"rendered":"<p>Publikationen Folgende Ver\u00f6ffentlichungen von mir zu eisenbahnrechtlichen Themen sind bisher erschienen: \u2022 2006 Aufsatz \u00fcber das Leasing von Schienenfahrzeugen in der Zeitschrift G\u00fcterbahnen \u2022 2007 Vortrag \u00fcber Technische Netzzugangskriterien auf der Tagung Moderne Schienenfahrzeuge\u00a0in Graz \u2022 2007 Vortrag \u00fcber die deutsche Bahnreform auf der Tagung Horber Schienen-Tage \u2022 2008 Aufsatz \u00fcber die Rechtsprechung der deutschen [&hellip;]<\/p>\n","protected":false},"author":1,"featured_media":0,"parent":0,"menu_order":0,"comment_status":"closed","ping_status":"closed","template":"","meta":{"site-sidebar-layout":"no-sidebar","site-content-layout":"page-builder","ast-site-content-layout":"full-width-container","site-content-style":"unboxed","site-sidebar-style":"unboxed","ast-global-header-display":"","ast-banner-title-visibility":"","ast-main-header-display":"","ast-hfb-above-header-display":"","ast-hfb-below-header-display":"","ast-hfb-mobile-header-display":"","site-post-title":"disabled","ast-breadcrumbs-content":"","ast-featured-img":"disabled","footer-sml-layout":"","ast-disable-related-posts":"","theme-transparent-header-meta":"","adv-header-id-meta":"","stick-header-meta":"","header-above-stick-meta":"","header-main-stick-meta":"","header-below-stick-meta":"","astra-migrate-meta-layouts":"set","ast-page-background-enabled":"default","ast-page-background-meta":{"desktop":{"background-color":"var(--ast-global-color-4)","background-image":"","background-repeat":"repeat","background-position":"center center","background-size":"auto","background-attachment":"scroll","background-type":"","background-media":"","overlay-type":"","overlay-color":"","overlay-opacity":"","overlay-gradient":""},"tablet":{"background-color":"","background-image":"","background-repeat":"repeat","background-position":"center center","background-size":"auto","background-attachment":"scroll","background-type":"","background-media":"","overlay-type":"","overlay-color":"","overlay-opacity":"","overlay-gradient":""},"mobile":{"background-color":"","background-image":"","background-repeat":"repeat","background-position":"center center","background-size":"auto","background-attachment":"scroll","background-type":"","background-media":"","overlay-type":"","overlay-color":"","overlay-opacity":"","overlay-gradient":""}},"ast-content-background-meta":{"desktop":{"background-color":"var(--ast-global-color-5)","background-image":"","background-repeat":"repeat","background-position":"center center","background-size":"auto","background-attachment":"scroll","background-type":"","background-media":"","overlay-type":"","overlay-color":"","overlay-opacity":"","overlay-gradient":""},"tablet":{"background-color":"var(--ast-global-color-5)","background-image":"","background-repeat":"repeat","background-position":"center center","background-size":"auto","background-attachment":"scroll","background-type":"","background-media":"","overlay-type":"","overlay-color":"","overlay-opacity":"","overlay-gradient":""},"mobile":{"background-color":"var(--ast-global-color-5)","background-image":"","background-repeat":"repeat","background-position":"center center","background-size":"auto","background-attachment":"scroll","background-type":"","background-media":"","overlay-type":"","overlay-color":"","overlay-opacity":"","overlay-gradient":""}},"footnotes":""},"class_list":["post-13","page","type-page","status-publish","hentry"],"_links":{"self":[{"href":"https:\/\/www.eisenbahnrecht.com\/en\/wp-json\/wp\/v2\/pages\/13","targetHints":{"allow":["GET"]}}],"collection":[{"href":"https:\/\/www.eisenbahnrecht.com\/en\/wp-json\/wp\/v2\/pages"}],"about":[{"href":"https:\/\/www.eisenbahnrecht.com\/en\/wp-json\/wp\/v2\/types\/page"}],"author":[{"embeddable":true,"href":"https:\/\/www.eisenbahnrecht.com\/en\/wp-json\/wp\/v2\/users\/1"}],"replies":[{"embeddable":true,"href":"https:\/\/www.eisenbahnrecht.com\/en\/wp-json\/wp\/v2\/comments?post=13"}],"version-history":[{"count":89,"href":"https:\/\/www.eisenbahnrecht.com\/en\/wp-json\/wp\/v2\/pages\/13\/revisions"}],"predecessor-version":[{"id":915,"href":"https:\/\/www.eisenbahnrecht.com\/en\/wp-json\/wp\/v2\/pages\/13\/revisions\/915"}],"wp:attachment":[{"href":"https:\/\/www.eisenbahnrecht.com\/en\/wp-json\/wp\/v2\/media?parent=13"}],"curies":[{"name":"wp","href":"https:\/\/api.w.org\/{rel}","templated":true}]}}