{"id":127,"date":"2022-11-15T23:58:55","date_gmt":"2022-11-15T22:58:55","guid":{"rendered":"https:\/\/www.eisenbahnrecht.com\/?page_id=127"},"modified":"2024-07-05T04:23:12","modified_gmt":"2024-07-05T02:23:12","slug":"impressum","status":"publish","type":"page","link":"https:\/\/www.eisenbahnrecht.com\/en\/impressum\/","title":{"rendered":"Impressum"},"content":{"rendered":"<div data-elementor-type=\"wp-page\" data-elementor-id=\"127\" class=\"elementor elementor-127\">\n\t\t\t\t\t\t<section class=\"elementor-section elementor-top-section elementor-element elementor-element-2a2b58b elementor-section-boxed elementor-section-height-default elementor-section-height-default\" data-id=\"2a2b58b\" data-element_type=\"section\" data-e-type=\"section\" data-settings=\"{&quot;background_background&quot;:&quot;classic&quot;}\">\n\t\t\t\t\t\t\t<div class=\"elementor-background-overlay\"><\/div>\n\t\t\t\t\t\t\t<div class=\"elementor-container elementor-column-gap-default\">\n\t\t\t\t\t<div class=\"elementor-column elementor-col-100 elementor-top-column elementor-element elementor-element-d05e693\" data-id=\"d05e693\" data-element_type=\"column\" data-e-type=\"column\">\n\t\t\t<div class=\"elementor-widget-wrap elementor-element-populated\">\n\t\t\t\t\t\t<div class=\"elementor-element elementor-element-edc8de2 elementor-widget elementor-widget-heading\" data-id=\"edc8de2\" data-element_type=\"widget\" data-e-type=\"widget\" data-widget_type=\"heading.default\">\n\t\t\t\t<div class=\"elementor-widget-container\">\n\t\t\t\t\t<h2 class=\"elementor-heading-title elementor-size-default\">Impressum<\/h2>\t\t\t\t<\/div>\n\t\t\t\t<\/div>\n\t\t\t\t\t<\/div>\n\t\t<\/div>\n\t\t\t\t\t<\/div>\n\t\t<\/section>\n\t\t\t\t<section class=\"elementor-section elementor-top-section elementor-element elementor-element-c0a2a74 elementor-section-boxed elementor-section-height-default elementor-section-height-default\" data-id=\"c0a2a74\" data-element_type=\"section\" data-e-type=\"section\">\n\t\t\t\t\t\t<div class=\"elementor-container elementor-column-gap-default\">\n\t\t\t\t\t<div class=\"elementor-column elementor-col-100 elementor-top-column elementor-element elementor-element-7a0c6bb\" data-id=\"7a0c6bb\" data-element_type=\"column\" data-e-type=\"column\">\n\t\t\t<div class=\"elementor-widget-wrap elementor-element-populated\">\n\t\t\t\t\t\t<div class=\"elementor-element elementor-element-d9b4ae9 elementor-widget elementor-widget-text-editor\" data-id=\"d9b4ae9\" data-element_type=\"widget\" data-e-type=\"widget\" data-widget_type=\"text-editor.default\">\n\t\t\t\t<div class=\"elementor-widget-container\">\n\t\t\t\t\t\t\t\t\t<p><strong>Verantwortlich f\u00fcr den Inhalt dieser Seiten ist:<\/strong><br \/>Attorney<br \/>Dr. Kurt Fuchs<br \/>D\u00fcppelstra\u00dfe 13<br \/>50679 K\u00f6ln<br \/>Mobil: 0221\/39982-10<br \/>Fax: 0221\/39982-20<br \/>e-mail: kurt.fuchs@eisenbahnrecht.com<br \/>The following laws and sub-laws apply to the professional activity of lawyers\nRegulations prevail: <br \/>Regelungen ma\u00dfgebend:<br \/>\u2013 Bundesrechtsanwaltsordnung (BRAO)<br \/>\u2013 Berufsordnung f\u00fcr Rechtsanw\u00e4lte (BORA)<br \/>\u2013 Rechtsanwaltsverg\u00fctungsgesetz (RVG)<br \/>Die jeweils aktuelle Fassung dieser Vorschriften kann auf der Seite der <br \/>Bundesrechtsanwaltskammer unter www.brak.de heruntergeladen werden. Zust\u00e4ndig f\u00fcr die <br \/>\u00dcberwachung der Einhaltung dieser Vorschriften sind die Rechtsanwaltskammern. F\u00fcr den <br \/>Betreiber dieser Seiten ist dies die Rechtsanwaltskammer K\u00f6ln, Riehler Stra\u00dfe 30, 50670 <br \/>K\u00f6ln<\/p>\t\t\t\t\t\t\t\t<\/div>\n\t\t\t\t<\/div>\n\t\t\t\t\t<\/div>\n\t\t<\/div>\n\t\t\t\t\t<\/div>\n\t\t<\/section>\n\t\t\t\t<\/div>","protected":false},"excerpt":{"rendered":"<p>Impressum Verantwortlich f\u00fcr den Inhalt dieser Seiten ist:RechtsanwaltDr. Kurt FuchsD\u00fcppelstra\u00dfe 1350679 K\u00f6lnTelefon: 0221\/39982-10Fax: 0221\/39982-20e-mail: kurt.fuchs@eisenbahnrecht.comF\u00fcr die berufliche T\u00e4tigkeit von Rechtsanw\u00e4lten sind folgende Gesetze und untergesetzliche Regelungen ma\u00dfgebend:\u2013 Bundesrechtsanwaltsordnung (BRAO)\u2013 Berufsordnung f\u00fcr Rechtsanw\u00e4lte (BORA)\u2013 Rechtsanwaltsverg\u00fctungsgesetz (RVG)Die jeweils aktuelle Fassung dieser Vorschriften kann auf der Seite der Bundesrechtsanwaltskammer unter www.brak.de heruntergeladen werden. Zust\u00e4ndig f\u00fcr die \u00dcberwachung der [&hellip;]<\/p>\n","protected":false},"author":1,"featured_media":0,"parent":0,"menu_order":0,"comment_status":"closed","ping_status":"closed","template":"","meta":{"site-sidebar-layout":"no-sidebar","site-content-layout":"page-builder","ast-site-content-layout":"full-width-container","site-content-style":"unboxed","site-sidebar-style":"unboxed","ast-global-header-display":"","ast-banner-title-visibility":"","ast-main-header-display":"","ast-hfb-above-header-display":"","ast-hfb-below-header-display":"","ast-hfb-mobile-header-display":"","site-post-title":"disabled","ast-breadcrumbs-content":"","ast-featured-img":"disabled","footer-sml-layout":"","ast-disable-related-posts":"","theme-transparent-header-meta":"","adv-header-id-meta":"","stick-header-meta":"","header-above-stick-meta":"","header-main-stick-meta":"","header-below-stick-meta":"","astra-migrate-meta-layouts":"set","ast-page-background-enabled":"default","ast-page-background-meta":{"desktop":{"background-color":"var(--ast-global-color-4)","background-image":"","background-repeat":"repeat","background-position":"center center","background-size":"auto","background-attachment":"scroll","background-type":"","background-media":"","overlay-type":"","overlay-color":"","overlay-opacity":"","overlay-gradient":""},"tablet":{"background-color":"","background-image":"","background-repeat":"repeat","background-position":"center center","background-size":"auto","background-attachment":"scroll","background-type":"","background-media":"","overlay-type":"","overlay-color":"","overlay-opacity":"","overlay-gradient":""},"mobile":{"background-color":"","background-image":"","background-repeat":"repeat","background-position":"center center","background-size":"auto","background-attachment":"scroll","background-type":"","background-media":"","overlay-type":"","overlay-color":"","overlay-opacity":"","overlay-gradient":""}},"ast-content-background-meta":{"desktop":{"background-color":"var(--ast-global-color-5)","background-image":"","background-repeat":"repeat","background-position":"center center","background-size":"auto","background-attachment":"scroll","background-type":"","background-media":"","overlay-type":"","overlay-color":"","overlay-opacity":"","overlay-gradient":""},"tablet":{"background-color":"var(--ast-global-color-5)","background-image":"","background-repeat":"repeat","background-position":"center center","background-size":"auto","background-attachment":"scroll","background-type":"","background-media":"","overlay-type":"","overlay-color":"","overlay-opacity":"","overlay-gradient":""},"mobile":{"background-color":"var(--ast-global-color-5)","background-image":"","background-repeat":"repeat","background-position":"center center","background-size":"auto","background-attachment":"scroll","background-type":"","background-media":"","overlay-type":"","overlay-color":"","overlay-opacity":"","overlay-gradient":""}},"footnotes":""},"class_list":["post-127","page","type-page","status-publish","hentry"],"_links":{"self":[{"href":"https:\/\/www.eisenbahnrecht.com\/en\/wp-json\/wp\/v2\/pages\/127","targetHints":{"allow":["GET"]}}],"collection":[{"href":"https:\/\/www.eisenbahnrecht.com\/en\/wp-json\/wp\/v2\/pages"}],"about":[{"href":"https:\/\/www.eisenbahnrecht.com\/en\/wp-json\/wp\/v2\/types\/page"}],"author":[{"embeddable":true,"href":"https:\/\/www.eisenbahnrecht.com\/en\/wp-json\/wp\/v2\/users\/1"}],"replies":[{"embeddable":true,"href":"https:\/\/www.eisenbahnrecht.com\/en\/wp-json\/wp\/v2\/comments?post=127"}],"version-history":[{"count":5,"href":"https:\/\/www.eisenbahnrecht.com\/en\/wp-json\/wp\/v2\/pages\/127\/revisions"}],"predecessor-version":[{"id":748,"href":"https:\/\/www.eisenbahnrecht.com\/en\/wp-json\/wp\/v2\/pages\/127\/revisions\/748"}],"wp:attachment":[{"href":"https:\/\/www.eisenbahnrecht.com\/en\/wp-json\/wp\/v2\/media?parent=127"}],"curies":[{"name":"wp","href":"https:\/\/api.w.org\/{rel}","templated":true}]}}